{"id":1481,"date":"2024-06-08T18:41:05","date_gmt":"2024-06-08T16:41:05","guid":{"rendered":"https:\/\/www.moroccoallraces.com\/mag\/?post_type=product&#038;p=1481"},"modified":"2024-06-08T19:27:25","modified_gmt":"2024-06-08T17:27:25","slug":"maillot-manche-courte-blanc","status":"publish","type":"product","link":"https:\/\/www.moroccoallraces.com\/mag\/produit\/maillot-manche-courte-blanc\/","title":{"rendered":"Maillot v\u00e9lo manche courte &#8211; NOIR"},"content":{"rendered":"<p>Le maillot textiles destin\u00e9s aux cyclistes. Usage: Entra\u00eenement intensif<br \/>\nTaille L<\/p>\n","protected":false},"excerpt":{"rendered":"<p>Le maillot textiles destin\u00e9s aux cyclistes. Usage: Entra\u00eenement intensif Taille L<\/p>\n","protected":false},"featured_media":1478,"template":"","meta":[],"product_brand":[],"product_cat":[14,555],"product_tag":[],"class_list":{"0":"post-1481","1":"product","2":"type-product","3":"status-publish","4":"has-post-thumbnail","6":"product_cat-equipements","7":"product_cat-nouveautes","9":"first","10":"instock","11":"sale","12":"purchasable","13":"product-type-simple","14":"prodpage-classic"},"jetpack_sharing_enabled":true,"_links":{"self":[{"href":"https:\/\/www.moroccoallraces.com\/mag\/wp-json\/wp\/v2\/product\/1481","targetHints":{"allow":["GET"]}}],"collection":[{"href":"https:\/\/www.moroccoallraces.com\/mag\/wp-json\/wp\/v2\/product"}],"about":[{"href":"https:\/\/www.moroccoallraces.com\/mag\/wp-json\/wp\/v2\/types\/product"}],"wp:featuredmedia":[{"embeddable":true,"href":"https:\/\/www.moroccoallraces.com\/mag\/wp-json\/wp\/v2\/media\/1478"}],"wp:attachment":[{"href":"https:\/\/www.moroccoallraces.com\/mag\/wp-json\/wp\/v2\/media?parent=1481"}],"wp:term":[{"taxonomy":"product_brand","embeddable":true,"href":"https:\/\/www.moroccoallraces.com\/mag\/wp-json\/wp\/v2\/product_brand?post=1481"},{"taxonomy":"product_cat","embeddable":true,"href":"https:\/\/www.moroccoallraces.com\/mag\/wp-json\/wp\/v2\/product_cat?post=1481"},{"taxonomy":"product_tag","embeddable":true,"href":"https:\/\/www.moroccoallraces.com\/mag\/wp-json\/wp\/v2\/product_tag?post=1481"}],"curies":[{"name":"wp","href":"https:\/\/api.w.org\/{rel}","templated":true}]}}