{"id":1492,"date":"2024-06-08T19:27:54","date_gmt":"2024-06-08T17:27:54","guid":{"rendered":"https:\/\/www.moroccoallraces.com\/mag\/?post_type=product&#038;p=1492"},"modified":"2024-06-08T19:28:24","modified_gmt":"2024-06-08T17:28:24","slug":"maillot-velo-manche-courte-bleu","status":"publish","type":"product","link":"https:\/\/www.moroccoallraces.com\/mag\/produit\/maillot-velo-manche-courte-bleu\/","title":{"rendered":"Maillot v\u00e9lo manche courte &#8211; BLEU"},"content":{"rendered":"<p>Le maillot textiles destin\u00e9s aux cyclistes. Usage: Entra\u00eenement intensif<br \/>\nTaille L<\/p>\n","protected":false},"excerpt":{"rendered":"<p>Le maillot textiles destin\u00e9s aux cyclistes. Usage: Entra\u00eenement intensif Taille L<\/p>\n","protected":false},"featured_media":1477,"template":"","meta":[],"product_brand":[],"product_cat":[14,555],"product_tag":[],"class_list":{"0":"post-1492","1":"product","2":"type-product","3":"status-publish","4":"has-post-thumbnail","6":"product_cat-equipements","7":"product_cat-nouveautes","9":"first","10":"instock","11":"sale","12":"purchasable","13":"product-type-simple","14":"prodpage-classic"},"jetpack_sharing_enabled":true,"_links":{"self":[{"href":"https:\/\/www.moroccoallraces.com\/mag\/wp-json\/wp\/v2\/product\/1492","targetHints":{"allow":["GET"]}}],"collection":[{"href":"https:\/\/www.moroccoallraces.com\/mag\/wp-json\/wp\/v2\/product"}],"about":[{"href":"https:\/\/www.moroccoallraces.com\/mag\/wp-json\/wp\/v2\/types\/product"}],"wp:featuredmedia":[{"embeddable":true,"href":"https:\/\/www.moroccoallraces.com\/mag\/wp-json\/wp\/v2\/media\/1477"}],"wp:attachment":[{"href":"https:\/\/www.moroccoallraces.com\/mag\/wp-json\/wp\/v2\/media?parent=1492"}],"wp:term":[{"taxonomy":"product_brand","embeddable":true,"href":"https:\/\/www.moroccoallraces.com\/mag\/wp-json\/wp\/v2\/product_brand?post=1492"},{"taxonomy":"product_cat","embeddable":true,"href":"https:\/\/www.moroccoallraces.com\/mag\/wp-json\/wp\/v2\/product_cat?post=1492"},{"taxonomy":"product_tag","embeddable":true,"href":"https:\/\/www.moroccoallraces.com\/mag\/wp-json\/wp\/v2\/product_tag?post=1492"}],"curies":[{"name":"wp","href":"https:\/\/api.w.org\/{rel}","templated":true}]}}